{"id":868,"date":"2021-06-17T15:12:30","date_gmt":"2021-06-17T15:12:30","guid":{"rendered":"https:\/\/directorio506.com\/?page_id=868"},"modified":"2021-07-23T10:14:34","modified_gmt":"2021-07-23T16:14:34","slug":"test-listing-shortcode","status":"publish","type":"page","link":"https:\/\/directorio506.com\/en\/test-listing-shortcode\/","title":{"rendered":"Test &#8211; Listing Shortcode"},"content":{"rendered":"\n<div style=\"height:100px\" aria-hidden=\"true\" class=\"wp-block-spacer\"><\/div>\n\n\n<div class=\"feedzy-rss feedzy-bf222b85abafe3e65a486719777125d6\"><div class=\"rss_header\"><h2><a href=\"https:\/\/elcolectivo506.com\/tag\/artesanas\/\" class=\"rss_title\" rel=\"noopener\">artesanas Archives \u2013 El Colectivo 506<\/a> <span class=\"rss_description\"> Periodismo de soluciones en Costa Rica y Latinoam\u00e9rica.<\/span><\/h2><\/div><ul><li  style=\"padding: 15px 0 25px\" class=\"rss_item\"><div class=\"rss_image\" style=\"width:150px; height:150px;\"><a href=\"https:\/\/elcolectivo506.com\/un-dia-en-la-vida-de-una-artesana-joven-2\/\" target=\"_blank\" rel=\" noopener\" title=\"Un d\u00eda en la vida de una artesana joven\" style=\"width:150px; height:150px;\"><span class=\"fetched\" style=\"background-image:  url('https:\/\/d16ice5q223i7e.cloudfront.net\/wp-content\/uploads\/2026\/03\/24032225\/Palillos.jpg');\" title=\"Un d\u00eda en la vida de una artesana joven\"><\/span><amp-img width=\"150\" height=\"150\" src=\"https:\/\/d16ice5q223i7e.cloudfront.net\/wp-content\/uploads\/2026\/03\/24032225\/Palillos.jpg\"><\/a><\/div><span class=\"title\"><a href=\"https:\/\/elcolectivo506.com\/un-dia-en-la-vida-de-una-artesana-joven-2\/\" target=\"_blank\" rel=\" noopener\">Un d\u00eda en la vida de una artesana joven<\/a><\/span><div class=\"rss_content\" style=\"\"><small>by <a href=\"\/\/elcolectivo506.com\" target=\"_blank\" title=\"elcolectivo506.com\" >Directorio 506<\/a> on May 6, 2021 at 3:11 pm <\/small><p>Angie Flores L\u00f3pez es una de las j\u00f3venes que colabora con la Fundaci\u00f3n Construyendo Sonrisas. Actualmente tiene 14 a\u00f1os, y vive en el Naranjal de Sarapiqu\u00ed, en el litoral Caribe<\/p><\/div><\/li><li  style=\"padding: 15px 0 25px\" class=\"rss_item\"><div class=\"rss_image\" style=\"width:150px; height:150px;\"><a href=\"https:\/\/elcolectivo506.com\/mujeres-de-guaitil-salen-adelante-para-preservar-su-arte-2\/\" target=\"_blank\" rel=\" noopener\" title=\"Mujeres de Guaitil salen adelante para preservar su arte\" style=\"width:150px; height:150px;\"><span class=\"fetched\" style=\"background-image:  url('https:\/\/d16ice5q223i7e.cloudfront.net\/wp-content\/uploads\/2026\/03\/24030016\/190824-ArtesanasGuaitil-mlc-001-1024x683.jpg');\" title=\"Mujeres de Guaitil salen adelante para preservar su arte\"><\/span><amp-img width=\"150\" height=\"150\" src=\"https:\/\/d16ice5q223i7e.cloudfront.net\/wp-content\/uploads\/2026\/03\/24030016\/190824-ArtesanasGuaitil-mlc-001-1024x683.jpg\"><\/a><\/div><span class=\"title\"><a href=\"https:\/\/elcolectivo506.com\/mujeres-de-guaitil-salen-adelante-para-preservar-su-arte-2\/\" target=\"_blank\" rel=\" noopener\">Mujeres de Guaitil salen adelante para preservar su arte<\/a><\/span><div class=\"rss_content\" style=\"\"><small>by <a href=\"\/\/elcolectivo506.com\" target=\"_blank\" title=\"elcolectivo506.com\" >Mayela Lopez<\/a> on February 9, 2021 at 3:33 pm <\/small><p>Bajo la sombra de un galer\u00f3n que la resguarda del calor t\u00edpico de la norte\u00f1a provincia de Guanacaste, Melesia Villafuerte, artesana de 57 a\u00f1os, abraza una cazuela en su regazo.<\/p><\/div><\/li><\/ul> <\/div>\n\n\n<p>https:\/\/elcolectivo506.com\/tag\/artesanas\/feed<\/p>\n","protected":false},"excerpt":{"rendered":"","protected":false},"author":1,"featured_media":0,"parent":0,"menu_order":0,"comment_status":"closed","ping_status":"closed","template":"","meta":{"footnotes":""},"class_list":["post-868","page","type-page","status-publish","hentry","wpbf-post"],"acf":[],"yoast_head":"<!-- This site is optimized with the Yoast SEO plugin v19.8 - https:\/\/yoast.com\/wordpress\/plugins\/seo\/ -->\n<title>Test - Listing Shortcode - Directorio 506<\/title>\n<meta name=\"robots\" content=\"index, follow, max-snippet:-1, max-image-preview:large, max-video-preview:-1\" \/>\n<link rel=\"canonical\" href=\"https:\/\/directorio506.com\/en\/test-listing-shortcode\/\" \/>\n<meta property=\"og:locale\" content=\"en_US\" \/>\n<meta property=\"og:type\" content=\"article\" \/>\n<meta property=\"og:title\" content=\"Test - Listing Shortcode - Directorio 506\" \/>\n<meta property=\"og:url\" content=\"https:\/\/directorio506.com\/en\/test-listing-shortcode\/\" \/>\n<meta property=\"og:site_name\" content=\"Directorio 506\" \/>\n<meta property=\"article:modified_time\" content=\"2021-07-23T16:14:34+00:00\" \/>\n<meta name=\"twitter:card\" content=\"summary_large_image\" \/>\n<meta name=\"twitter:label1\" content=\"Est. reading time\" \/>\n\t<meta name=\"twitter:data1\" content=\"1 minute\" \/>\n<script type=\"application\/ld+json\" class=\"yoast-schema-graph\">{\"@context\":\"https:\/\/schema.org\",\"@graph\":[{\"@type\":\"WebPage\",\"@id\":\"https:\/\/directorio506.com\/en\/test-listing-shortcode\/\",\"url\":\"https:\/\/directorio506.com\/en\/test-listing-shortcode\/\",\"name\":\"Test - Listing Shortcode - Directorio 506\",\"isPartOf\":{\"@id\":\"https:\/\/directorio506.com\/en\/#website\"},\"datePublished\":\"2021-06-17T15:12:30+00:00\",\"dateModified\":\"2021-07-23T16:14:34+00:00\",\"breadcrumb\":{\"@id\":\"https:\/\/directorio506.com\/en\/test-listing-shortcode\/#breadcrumb\"},\"inLanguage\":\"en-US\",\"potentialAction\":[{\"@type\":\"ReadAction\",\"target\":[\"https:\/\/directorio506.com\/en\/test-listing-shortcode\/\"]}]},{\"@type\":\"BreadcrumbList\",\"@id\":\"https:\/\/directorio506.com\/en\/test-listing-shortcode\/#breadcrumb\",\"itemListElement\":[{\"@type\":\"ListItem\",\"position\":1,\"name\":\"Home\",\"item\":\"https:\/\/directorio506.com\/es\/\"},{\"@type\":\"ListItem\",\"position\":2,\"name\":\"Test &#8211; Listing Shortcode\"}]},{\"@type\":\"WebSite\",\"@id\":\"https:\/\/directorio506.com\/en\/#website\",\"url\":\"https:\/\/directorio506.com\/en\/\",\"name\":\"Directorio 506\",\"description\":\"Explore the real Costa Rica\",\"potentialAction\":[{\"@type\":\"SearchAction\",\"target\":{\"@type\":\"EntryPoint\",\"urlTemplate\":\"https:\/\/directorio506.com\/en\/?s={search_term_string}\"},\"query-input\":\"required name=search_term_string\"}],\"inLanguage\":\"en-US\"}]}<\/script>\n<!-- \/ Yoast SEO plugin. -->","yoast_head_json":{"title":"Test - Listing Shortcode - Directorio 506","robots":{"index":"index","follow":"follow","max-snippet":"max-snippet:-1","max-image-preview":"max-image-preview:large","max-video-preview":"max-video-preview:-1"},"canonical":"https:\/\/directorio506.com\/en\/test-listing-shortcode\/","og_locale":"en_US","og_type":"article","og_title":"Test - Listing Shortcode - Directorio 506","og_url":"https:\/\/directorio506.com\/en\/test-listing-shortcode\/","og_site_name":"Directorio 506","article_modified_time":"2021-07-23T16:14:34+00:00","twitter_card":"summary_large_image","twitter_misc":{"Est. reading time":"1 minute"},"schema":{"@context":"https:\/\/schema.org","@graph":[{"@type":"WebPage","@id":"https:\/\/directorio506.com\/en\/test-listing-shortcode\/","url":"https:\/\/directorio506.com\/en\/test-listing-shortcode\/","name":"Test - Listing Shortcode - Directorio 506","isPartOf":{"@id":"https:\/\/directorio506.com\/en\/#website"},"datePublished":"2021-06-17T15:12:30+00:00","dateModified":"2021-07-23T16:14:34+00:00","breadcrumb":{"@id":"https:\/\/directorio506.com\/en\/test-listing-shortcode\/#breadcrumb"},"inLanguage":"en-US","potentialAction":[{"@type":"ReadAction","target":["https:\/\/directorio506.com\/en\/test-listing-shortcode\/"]}]},{"@type":"BreadcrumbList","@id":"https:\/\/directorio506.com\/en\/test-listing-shortcode\/#breadcrumb","itemListElement":[{"@type":"ListItem","position":1,"name":"Home","item":"https:\/\/directorio506.com\/es\/"},{"@type":"ListItem","position":2,"name":"Test &#8211; Listing Shortcode"}]},{"@type":"WebSite","@id":"https:\/\/directorio506.com\/en\/#website","url":"https:\/\/directorio506.com\/en\/","name":"Directorio 506","description":"Explore the real Costa Rica","potentialAction":[{"@type":"SearchAction","target":{"@type":"EntryPoint","urlTemplate":"https:\/\/directorio506.com\/en\/?s={search_term_string}"},"query-input":"required name=search_term_string"}],"inLanguage":"en-US"}]}},"_links":{"self":[{"href":"https:\/\/directorio506.com\/en\/wp-json\/wp\/v2\/pages\/868","targetHints":{"allow":["GET"]}}],"collection":[{"href":"https:\/\/directorio506.com\/en\/wp-json\/wp\/v2\/pages"}],"about":[{"href":"https:\/\/directorio506.com\/en\/wp-json\/wp\/v2\/types\/page"}],"author":[{"embeddable":true,"href":"https:\/\/directorio506.com\/en\/wp-json\/wp\/v2\/users\/1"}],"replies":[{"embeddable":true,"href":"https:\/\/directorio506.com\/en\/wp-json\/wp\/v2\/comments?post=868"}],"version-history":[{"count":115,"href":"https:\/\/directorio506.com\/en\/wp-json\/wp\/v2\/pages\/868\/revisions"}],"predecessor-version":[{"id":3009,"href":"https:\/\/directorio506.com\/en\/wp-json\/wp\/v2\/pages\/868\/revisions\/3009"}],"wp:attachment":[{"href":"https:\/\/directorio506.com\/en\/wp-json\/wp\/v2\/media?parent=868"}],"curies":[{"name":"wp","href":"https:\/\/api.w.org\/{rel}","templated":true}]}}